{"id":4330,"date":"2015-12-15T15:15:55","date_gmt":"2015-12-15T15:15:55","guid":{"rendered":"http:\/\/www.plusvillas.com\/?page_id=4330"},"modified":"2020-02-23T13:11:06","modified_gmt":"2020-02-23T13:11:06","slug":"home","status":"publish","type":"page","link":"https:\/\/www.plusvillas.com\/de\/","title":{"rendered":"Home"},"content":{"rendered":"\t\t<div data-elementor-type=\"wp-page\" data-elementor-id=\"4330\" class=\"elementor elementor-4330 elementor-11\" data-elementor-post-type=\"page\">\n\t\t\t\t\t\t<section class=\"elementor-section elementor-top-section elementor-element elementor-element-0a8325a elementor-section-stretched elementor-section-full_width elementor-section-height-default elementor-section-height-default\" data-id=\"0a8325a\" data-element_type=\"section\" data-e-type=\"section\" data-settings=\"{&quot;stretch_section&quot;:&quot;section-stretched&quot;}\">\n\t\t\t\t\t\t<div class=\"elementor-container elementor-column-gap-no\">\n\t\t\t\t\t<div class=\"elementor-column elementor-col-100 elementor-top-column elementor-element elementor-element-2d3bf8d\" data-id=\"2d3bf8d\" data-element_type=\"column\" data-e-type=\"column\">\n\t\t\t<div class=\"elementor-widget-wrap elementor-element-populated\">\n\t\t\t\t\t\t<div class=\"elementor-element elementor-element-d46ccfe elementor-arrows-position-inside elementor-widget elementor-widget-image-carousel\" data-id=\"d46ccfe\" data-element_type=\"widget\" data-e-type=\"widget\" data-settings=\"{&quot;slides_to_show&quot;:&quot;1&quot;,&quot;navigation&quot;:&quot;arrows&quot;,&quot;pause_on_hover&quot;:&quot;no&quot;,&quot;pause_on_interaction&quot;:&quot;no&quot;,&quot;effect&quot;:&quot;fade&quot;,&quot;autoplay&quot;:&quot;yes&quot;,&quot;autoplay_speed&quot;:5000,&quot;infinite&quot;:&quot;yes&quot;,&quot;speed&quot;:500}\" data-widget_type=\"image-carousel.default\">\n\t\t\t\t<div class=\"elementor-widget-container\">\n\t\t\t\t\t\t\t<div class=\"elementor-image-carousel-wrapper swiper\" role=\"region\" aria-roledescription=\"carousel\" aria-label=\"Bild Karussell\" dir=\"ltr\">\n\t\t\t<div class=\"elementor-image-carousel swiper-wrapper\" aria-live=\"off\">\n\t\t\t\t\t\t\t\t<div class=\"swiper-slide\" role=\"group\" aria-roledescription=\"slide\" aria-label=\"1 von 6\"><figure class=\"swiper-slide-inner\"><img decoding=\"async\" class=\"swiper-slide-image\" src=\"https:\/\/www.plusvillas.com\/wp-content\/uploads\/2014\/12\/slide1.jpg\" alt=\"slide1\" \/><\/figure><\/div><div class=\"swiper-slide\" role=\"group\" aria-roledescription=\"slide\" aria-label=\"2 von 6\"><figure class=\"swiper-slide-inner\"><img decoding=\"async\" class=\"swiper-slide-image\" src=\"https:\/\/www.plusvillas.com\/wp-content\/uploads\/2015\/03\/slide2-2.jpg\" alt=\"slide2-2\" \/><\/figure><\/div><div class=\"swiper-slide\" role=\"group\" aria-roledescription=\"slide\" aria-label=\"3 von 6\"><figure class=\"swiper-slide-inner\"><img decoding=\"async\" class=\"swiper-slide-image\" src=\"https:\/\/www.plusvillas.com\/wp-content\/uploads\/2014\/12\/slide3.jpg\" alt=\"slide3\" \/><\/figure><\/div><div class=\"swiper-slide\" role=\"group\" aria-roledescription=\"slide\" aria-label=\"4 von 6\"><figure class=\"swiper-slide-inner\"><img decoding=\"async\" class=\"swiper-slide-image\" src=\"https:\/\/www.plusvillas.com\/wp-content\/uploads\/2015\/03\/slide3-2.jpg\" alt=\"slide3-2\" \/><\/figure><\/div><div class=\"swiper-slide\" role=\"group\" aria-roledescription=\"slide\" aria-label=\"5 von 6\"><figure class=\"swiper-slide-inner\"><img decoding=\"async\" class=\"swiper-slide-image\" src=\"https:\/\/www.plusvillas.com\/wp-content\/uploads\/2014\/12\/slide4.jpg\" alt=\"slide4\" \/><\/figure><\/div><div class=\"swiper-slide\" role=\"group\" aria-roledescription=\"slide\" aria-label=\"6 von 6\"><figure class=\"swiper-slide-inner\"><img decoding=\"async\" class=\"swiper-slide-image\" src=\"https:\/\/www.plusvillas.com\/wp-content\/uploads\/2014\/12\/slide2.jpg\" alt=\"slide2\" \/><\/figure><\/div>\t\t\t<\/div>\n\t\t\t\t\t\t\t\t\t\t\t\t<div class=\"elementor-swiper-button elementor-swiper-button-prev\" role=\"button\" tabindex=\"0\">\n\t\t\t\t\t\t<i aria-hidden=\"true\" class=\"eicon-chevron-left\"><\/i>\t\t\t\t\t<\/div>\n\t\t\t\t\t<div class=\"elementor-swiper-button elementor-swiper-button-next\" role=\"button\" tabindex=\"0\">\n\t\t\t\t\t\t<i aria-hidden=\"true\" class=\"eicon-chevron-right\"><\/i>\t\t\t\t\t<\/div>\n\t\t\t\t\n\t\t\t\t\t\t\t\t\t<\/div>\n\t\t\t\t\t\t<\/div>\n\t\t\t\t<\/div>\n\t\t\t\t\t<\/div>\n\t\t<\/div>\n\t\t\t\t\t<\/div>\n\t\t<\/section>\n\t\t\t\t<section class=\"elementor-section elementor-top-section elementor-element elementor-element-46023e83 elementor-section-stretched elementor-section-boxed elementor-section-height-default elementor-section-height-default\" data-id=\"46023e83\" data-element_type=\"section\" data-e-type=\"section\" data-settings=\"{&quot;stretch_section&quot;:&quot;section-stretched&quot;}\">\n\t\t\t\t\t\t<div class=\"elementor-container elementor-column-gap-default\">\n\t\t\t\t\t<div class=\"elementor-column elementor-col-100 elementor-top-column elementor-element elementor-element-3e0a0d97\" data-id=\"3e0a0d97\" data-element_type=\"column\" data-e-type=\"column\">\n\t\t\t<div class=\"elementor-widget-wrap elementor-element-populated\">\n\t\t\t\t\t\t<div class=\"elementor-element elementor-element-4b421a72 elementor-widget elementor-widget-text-editor\" data-id=\"4b421a72\" data-element_type=\"widget\" data-e-type=\"widget\" data-widget_type=\"text-editor.default\">\n\t\t\t\t<div class=\"elementor-widget-container\">\n\t\t\t\t\t\t\t\t\t<h1>Plusvillas Moraira verhuur en verkoop SL<\/h1>\n<h3>Die Adresse f\u00fcr einen erholsamen und unvergesslichen Aufenthalt in Moraira, Benissa und Calpe!<\/h3>\n<p>Sind Sie, f\u00fcr Ihre so verdienten Urlaub, auf der Suche nach einem Luxus-Villa mit privatem Pool oder einer wohnung in Moraira, Benissa oder Calpe? Beenden Sie die Suche! Plus Villas ist der richtige Adresse!<\/p>\n<p>Die Villen und Apartments welche wir vermieten sind entweder von uns selbst oder von Menschen, die wir sehr gut kennen. Es handelt sich um H\u00e4user, die alle Ihre Anforderungen und Erwartungen gerecht wird.<br \/>\nSie k\u00f6nnen sich auch an Plus-Villas f\u00fcr alle Fragen rund um Verkauf von Ihren (2.) Haus wenden, Bau oder die Renovierung Aktivit\u00e4ten in und um Ihre (2.) Haus in Moraira und Umgebung, Bau \u2013 oder Behebung von Problemen mit Strom oder Internet, oder Garten- und Poolpflege. Sie nennen es Plus-Villas ist der richtige Ort.<\/p>\n<p>Plus-Villas garantiert einen unbeschwerten und erholsamen Urlaub in Moraira und Umgebung oder f\u00fcr einen unbeschwerten Aufenthalt in Ihrem eigenen Haus in dieser Region!<\/p>\n<p>Werfen Sie einen Blick auf unsere Website und staunen Sie \u00fcber unseren wunderbaren Urlaub Villen und Apartments und lassen Sie uns wissen, was wir f\u00fcr Sie tun k\u00f6nnen. Kontaktieren Sie uns per Telefon (+34 67 300 2267) oder E-Mail (brigitte@plusvillas.com).<\/p>\n\t\t\t\t\t\t\t\t<\/div>\n\t\t\t\t<\/div>\n\t\t\t\t\t<\/div>\n\t\t<\/div>\n\t\t\t\t\t<\/div>\n\t\t<\/section>\n\t\t\t\t<section class=\"elementor-section elementor-top-section elementor-element elementor-element-f76ecd6 elementor-section-stretched elementor-section-boxed elementor-section-height-default elementor-section-height-default\" data-id=\"f76ecd6\" data-element_type=\"section\" data-e-type=\"section\" data-settings=\"{&quot;stretch_section&quot;:&quot;section-stretched&quot;,&quot;background_background&quot;:&quot;classic&quot;}\">\n\t\t\t\t\t\t<div class=\"elementor-container elementor-column-gap-default\">\n\t\t\t\t\t<div class=\"elementor-column elementor-col-100 elementor-top-column elementor-element elementor-element-1b5d72c\" data-id=\"1b5d72c\" data-element_type=\"column\" data-e-type=\"column\">\n\t\t\t<div class=\"elementor-widget-wrap elementor-element-populated\">\n\t\t\t\t\t\t<div class=\"elementor-element elementor-element-8b969cc home elementor-widget elementor-widget-text-editor\" data-id=\"8b969cc\" data-element_type=\"widget\" data-e-type=\"widget\" data-widget_type=\"text-editor.default\">\n\t\t\t\t<div class=\"elementor-widget-container\">\n\t\t\t\t\t\t\t\t\t<h2>Ferienhaus mieten<\/h2>\n<p>    Nichts zu zeigen<\/p>\n\t\t\t\t\t\t\t\t<\/div>\n\t\t\t\t<\/div>\n\t\t\t\t<div class=\"elementor-element elementor-element-d18fa1c elementor-align-justify elementor-widget elementor-widget-button\" data-id=\"d18fa1c\" data-element_type=\"widget\" data-e-type=\"widget\" data-widget_type=\"button.default\">\n\t\t\t\t<div class=\"elementor-widget-container\">\n\t\t\t\t\t\t\t\t\t<div class=\"elementor-button-wrapper\">\n\t\t\t\t\t<a class=\"elementor-button elementor-button-link elementor-size-md\" href=\"https:\/\/www.plusvillas.com\/de\/zu-mieten\/\">\n\t\t\t\t\t\t<span class=\"elementor-button-content-wrapper\">\n\t\t\t\t\t\t\t\t\t<span class=\"elementor-button-text\">Klicken Sie hier f\u00fcr die vollst\u00e4ndige Liste Ferienh\u00e4usern zu mieten<\/span>\n\t\t\t\t\t<\/span>\n\t\t\t\t\t<\/a>\n\t\t\t\t<\/div>\n\t\t\t\t\t\t\t\t<\/div>\n\t\t\t\t<\/div>\n\t\t\t\t\t<\/div>\n\t\t<\/div>\n\t\t\t\t\t<\/div>\n\t\t<\/section>\n\t\t\t\t<section class=\"elementor-section elementor-top-section elementor-element elementor-element-fe76b6a elementor-section-boxed elementor-section-height-default elementor-section-height-default\" data-id=\"fe76b6a\" data-element_type=\"section\" data-e-type=\"section\">\n\t\t\t\t\t\t<div class=\"elementor-container elementor-column-gap-default\">\n\t\t\t\t\t<div class=\"elementor-column elementor-col-100 elementor-top-column elementor-element elementor-element-072fdff\" data-id=\"072fdff\" data-element_type=\"column\" data-e-type=\"column\">\n\t\t\t<div class=\"elementor-widget-wrap elementor-element-populated\">\n\t\t\t\t\t\t<div class=\"elementor-element elementor-element-154cd97 home elementor-widget elementor-widget-text-editor\" data-id=\"154cd97\" data-element_type=\"widget\" data-e-type=\"widget\" data-widget_type=\"text-editor.default\">\n\t\t\t\t<div class=\"elementor-widget-container\">\n\t\t\t\t\t\t\t\t\t<h2>Wohungen und Grundst\u00fccke zum Verkauf<\/h2>\n<p>    Nichts zu zeigen<\/p>\n\t\t\t\t\t\t\t\t<\/div>\n\t\t\t\t<\/div>\n\t\t\t\t<div class=\"elementor-element elementor-element-18393c8 elementor-align-justify elementor-widget elementor-widget-button\" data-id=\"18393c8\" data-element_type=\"widget\" data-e-type=\"widget\" data-widget_type=\"button.default\">\n\t\t\t\t<div class=\"elementor-widget-container\">\n\t\t\t\t\t\t\t\t\t<div class=\"elementor-button-wrapper\">\n\t\t\t\t\t<a class=\"elementor-button elementor-button-link elementor-size-md\" href=\"https:\/\/www.plusvillas.com\/de\/zu-verkaufen\/\">\n\t\t\t\t\t\t<span class=\"elementor-button-content-wrapper\">\n\t\t\t\t\t\t\t\t\t<span class=\"elementor-button-text\">Klicken Sie hier f\u00fcr die vollst\u00e4ndige Liste Wohnungen und Grundst\u00fccke zum Verkauf!<\/span>\n\t\t\t\t\t<\/span>\n\t\t\t\t\t<\/a>\n\t\t\t\t<\/div>\n\t\t\t\t\t\t\t\t<\/div>\n\t\t\t\t<\/div>\n\t\t\t\t\t<\/div>\n\t\t<\/div>\n\t\t\t\t\t<\/div>\n\t\t<\/section>\n\t\t\t\t<\/div>\n\t\t","protected":false},"excerpt":{"rendered":"<p>Vorige Volgende Plusvillas Moraira verhuur en verkoop SL Die Adresse f\u00fcr einen erholsamen und unvergesslichen Aufenthalt in Moraira, Benissa und Calpe! Sind Sie, f\u00fcr Ihre so verdienten Urlaub, auf der Suche nach einem Luxus-Villa mit privatem Pool oder einer wohnung in Moraira, Benissa oder Calpe? Beenden Sie die Suche! Plus Villas ist der richtige Adresse! &#8230; <a title=\"Home\" class=\"read-more\" href=\"https:\/\/www.plusvillas.com\/de\/\" aria-label=\"Mehr Informationen \u00fcber Home\">Weiterlesen<\/a><\/p>\n","protected":false},"author":1,"featured_media":0,"parent":0,"menu_order":0,"comment_status":"closed","ping_status":"closed","template":"elementor_header_footer","meta":{"footnotes":""},"class_list":["post-4330","page","type-page","status-publish"],"yoast_head":"<!-- This site is optimized with the Yoast SEO plugin v27.5 - https:\/\/yoast.com\/product\/yoast-seo-wordpress\/ -->\n<title>Home - PlusVillas<\/title>\n<meta name=\"robots\" content=\"index, follow, max-snippet:-1, max-image-preview:large, max-video-preview:-1\" \/>\n<link rel=\"canonical\" href=\"https:\/\/www.plusvillas.com\/de\/\" \/>\n<meta property=\"og:locale\" content=\"de_DE\" \/>\n<meta property=\"og:type\" content=\"article\" \/>\n<meta property=\"og:title\" content=\"Home - PlusVillas\" \/>\n<meta property=\"og:description\" content=\"Vorige Volgende Plusvillas Moraira verhuur en verkoop SL Die Adresse f\u00fcr einen erholsamen und unvergesslichen Aufenthalt in Moraira, Benissa und Calpe! Sind Sie, f\u00fcr Ihre so verdienten Urlaub, auf der Suche nach einem Luxus-Villa mit privatem Pool oder einer wohnung in Moraira, Benissa oder Calpe? Beenden Sie die Suche! Plus Villas ist der richtige Adresse! ... Weiterlesen\" \/>\n<meta property=\"og:url\" content=\"https:\/\/www.plusvillas.com\/de\/\" \/>\n<meta property=\"og:site_name\" content=\"PlusVillas\" \/>\n<meta property=\"article:modified_time\" content=\"2020-02-23T13:11:06+00:00\" \/>\n<meta property=\"og:image\" content=\"https:\/\/www.plusvillas.com\/wp-content\/uploads\/2014\/12\/slide1.jpg\" \/>\n<meta name=\"twitter:label1\" content=\"Gesch\u00e4tzte Lesezeit\" \/>\n\t<meta name=\"twitter:data1\" content=\"1\u00a0Minute\" \/>\n<script type=\"application\/ld+json\" class=\"yoast-schema-graph\">{\"@context\":\"https:\\\/\\\/schema.org\",\"@graph\":[{\"@type\":\"WebPage\",\"@id\":\"https:\\\/\\\/www.plusvillas.com\\\/de\\\/\",\"url\":\"https:\\\/\\\/www.plusvillas.com\\\/de\\\/\",\"name\":\"Home - PlusVillas\",\"isPartOf\":{\"@id\":\"https:\\\/\\\/www.plusvillas.com\\\/de\\\/#website\"},\"primaryImageOfPage\":{\"@id\":\"https:\\\/\\\/www.plusvillas.com\\\/de\\\/#primaryimage\"},\"image\":{\"@id\":\"https:\\\/\\\/www.plusvillas.com\\\/de\\\/#primaryimage\"},\"thumbnailUrl\":\"https:\\\/\\\/www.plusvillas.com\\\/wp-content\\\/uploads\\\/2014\\\/12\\\/slide1.jpg\",\"datePublished\":\"2015-12-15T15:15:55+00:00\",\"dateModified\":\"2020-02-23T13:11:06+00:00\",\"breadcrumb\":{\"@id\":\"https:\\\/\\\/www.plusvillas.com\\\/de\\\/#breadcrumb\"},\"inLanguage\":\"de\",\"potentialAction\":[{\"@type\":\"ReadAction\",\"target\":[\"https:\\\/\\\/www.plusvillas.com\\\/de\\\/\"]}]},{\"@type\":\"ImageObject\",\"inLanguage\":\"de\",\"@id\":\"https:\\\/\\\/www.plusvillas.com\\\/de\\\/#primaryimage\",\"url\":\"https:\\\/\\\/www.plusvillas.com\\\/wp-content\\\/uploads\\\/2014\\\/12\\\/slide1.jpg\",\"contentUrl\":\"https:\\\/\\\/www.plusvillas.com\\\/wp-content\\\/uploads\\\/2014\\\/12\\\/slide1.jpg\"},{\"@type\":\"BreadcrumbList\",\"@id\":\"https:\\\/\\\/www.plusvillas.com\\\/de\\\/#breadcrumb\",\"itemListElement\":[{\"@type\":\"ListItem\",\"position\":1,\"name\":\"Home\",\"item\":\"https:\\\/\\\/www.plusvillas.com\\\/de\\\/\"},{\"@type\":\"ListItem\",\"position\":2,\"name\":\"Home\"}]},{\"@type\":\"WebSite\",\"@id\":\"https:\\\/\\\/www.plusvillas.com\\\/de\\\/#website\",\"url\":\"https:\\\/\\\/www.plusvillas.com\\\/de\\\/\",\"name\":\"PlusVillas\",\"description\":\"Vakantievillas in Moraira en omgeving\",\"publisher\":{\"@id\":\"https:\\\/\\\/www.plusvillas.com\\\/de\\\/#organization\"},\"potentialAction\":[{\"@type\":\"SearchAction\",\"target\":{\"@type\":\"EntryPoint\",\"urlTemplate\":\"https:\\\/\\\/www.plusvillas.com\\\/de\\\/?s={search_term_string}\"},\"query-input\":{\"@type\":\"PropertyValueSpecification\",\"valueRequired\":true,\"valueName\":\"search_term_string\"}}],\"inLanguage\":\"de\"},{\"@type\":\"Organization\",\"@id\":\"https:\\\/\\\/www.plusvillas.com\\\/de\\\/#organization\",\"name\":\"PlusVillas\",\"url\":\"https:\\\/\\\/www.plusvillas.com\\\/de\\\/\",\"logo\":{\"@type\":\"ImageObject\",\"inLanguage\":\"de\",\"@id\":\"https:\\\/\\\/www.plusvillas.com\\\/de\\\/#\\\/schema\\\/logo\\\/image\\\/\",\"url\":\"https:\\\/\\\/www.plusvillas.com\\\/wp-content\\\/uploads\\\/2014\\\/12\\\/logo-plusvillas2.png\",\"contentUrl\":\"https:\\\/\\\/www.plusvillas.com\\\/wp-content\\\/uploads\\\/2014\\\/12\\\/logo-plusvillas2.png\",\"width\":433,\"height\":108,\"caption\":\"PlusVillas\"},\"image\":{\"@id\":\"https:\\\/\\\/www.plusvillas.com\\\/de\\\/#\\\/schema\\\/logo\\\/image\\\/\"}}]}<\/script>\n<!-- \/ Yoast SEO plugin. -->","yoast_head_json":{"title":"Home - PlusVillas","robots":{"index":"index","follow":"follow","max-snippet":"max-snippet:-1","max-image-preview":"max-image-preview:large","max-video-preview":"max-video-preview:-1"},"canonical":"https:\/\/www.plusvillas.com\/de\/","og_locale":"de_DE","og_type":"article","og_title":"Home - PlusVillas","og_description":"Vorige Volgende Plusvillas Moraira verhuur en verkoop SL Die Adresse f\u00fcr einen erholsamen und unvergesslichen Aufenthalt in Moraira, Benissa und Calpe! Sind Sie, f\u00fcr Ihre so verdienten Urlaub, auf der Suche nach einem Luxus-Villa mit privatem Pool oder einer wohnung in Moraira, Benissa oder Calpe? Beenden Sie die Suche! Plus Villas ist der richtige Adresse! ... Weiterlesen","og_url":"https:\/\/www.plusvillas.com\/de\/","og_site_name":"PlusVillas","article_modified_time":"2020-02-23T13:11:06+00:00","og_image":[{"url":"https:\/\/www.plusvillas.com\/wp-content\/uploads\/2014\/12\/slide1.jpg","type":"","width":"","height":""}],"twitter_misc":{"Gesch\u00e4tzte Lesezeit":"1\u00a0Minute"},"schema":{"@context":"https:\/\/schema.org","@graph":[{"@type":"WebPage","@id":"https:\/\/www.plusvillas.com\/de\/","url":"https:\/\/www.plusvillas.com\/de\/","name":"Home - PlusVillas","isPartOf":{"@id":"https:\/\/www.plusvillas.com\/de\/#website"},"primaryImageOfPage":{"@id":"https:\/\/www.plusvillas.com\/de\/#primaryimage"},"image":{"@id":"https:\/\/www.plusvillas.com\/de\/#primaryimage"},"thumbnailUrl":"https:\/\/www.plusvillas.com\/wp-content\/uploads\/2014\/12\/slide1.jpg","datePublished":"2015-12-15T15:15:55+00:00","dateModified":"2020-02-23T13:11:06+00:00","breadcrumb":{"@id":"https:\/\/www.plusvillas.com\/de\/#breadcrumb"},"inLanguage":"de","potentialAction":[{"@type":"ReadAction","target":["https:\/\/www.plusvillas.com\/de\/"]}]},{"@type":"ImageObject","inLanguage":"de","@id":"https:\/\/www.plusvillas.com\/de\/#primaryimage","url":"https:\/\/www.plusvillas.com\/wp-content\/uploads\/2014\/12\/slide1.jpg","contentUrl":"https:\/\/www.plusvillas.com\/wp-content\/uploads\/2014\/12\/slide1.jpg"},{"@type":"BreadcrumbList","@id":"https:\/\/www.plusvillas.com\/de\/#breadcrumb","itemListElement":[{"@type":"ListItem","position":1,"name":"Home","item":"https:\/\/www.plusvillas.com\/de\/"},{"@type":"ListItem","position":2,"name":"Home"}]},{"@type":"WebSite","@id":"https:\/\/www.plusvillas.com\/de\/#website","url":"https:\/\/www.plusvillas.com\/de\/","name":"PlusVillas","description":"Vakantievillas in Moraira en omgeving","publisher":{"@id":"https:\/\/www.plusvillas.com\/de\/#organization"},"potentialAction":[{"@type":"SearchAction","target":{"@type":"EntryPoint","urlTemplate":"https:\/\/www.plusvillas.com\/de\/?s={search_term_string}"},"query-input":{"@type":"PropertyValueSpecification","valueRequired":true,"valueName":"search_term_string"}}],"inLanguage":"de"},{"@type":"Organization","@id":"https:\/\/www.plusvillas.com\/de\/#organization","name":"PlusVillas","url":"https:\/\/www.plusvillas.com\/de\/","logo":{"@type":"ImageObject","inLanguage":"de","@id":"https:\/\/www.plusvillas.com\/de\/#\/schema\/logo\/image\/","url":"https:\/\/www.plusvillas.com\/wp-content\/uploads\/2014\/12\/logo-plusvillas2.png","contentUrl":"https:\/\/www.plusvillas.com\/wp-content\/uploads\/2014\/12\/logo-plusvillas2.png","width":433,"height":108,"caption":"PlusVillas"},"image":{"@id":"https:\/\/www.plusvillas.com\/de\/#\/schema\/logo\/image\/"}}]}},"_links":{"self":[{"href":"https:\/\/www.plusvillas.com\/de\/wp-json\/wp\/v2\/pages\/4330","targetHints":{"allow":["GET"]}}],"collection":[{"href":"https:\/\/www.plusvillas.com\/de\/wp-json\/wp\/v2\/pages"}],"about":[{"href":"https:\/\/www.plusvillas.com\/de\/wp-json\/wp\/v2\/types\/page"}],"author":[{"embeddable":true,"href":"https:\/\/www.plusvillas.com\/de\/wp-json\/wp\/v2\/users\/1"}],"replies":[{"embeddable":true,"href":"https:\/\/www.plusvillas.com\/de\/wp-json\/wp\/v2\/comments?post=4330"}],"version-history":[{"count":5,"href":"https:\/\/www.plusvillas.com\/de\/wp-json\/wp\/v2\/pages\/4330\/revisions"}],"predecessor-version":[{"id":7613,"href":"https:\/\/www.plusvillas.com\/de\/wp-json\/wp\/v2\/pages\/4330\/revisions\/7613"}],"wp:attachment":[{"href":"https:\/\/www.plusvillas.com\/de\/wp-json\/wp\/v2\/media?parent=4330"}],"curies":[{"name":"wp","href":"https:\/\/api.w.org\/{rel}","templated":true}]}}